{"id":63,"date":"2019-10-19T21:07:10","date_gmt":"2019-10-19T19:07:10","guid":{"rendered":"http:\/\/www.towotech.at\/?page_id=63"},"modified":"2026-01-19T22:22:40","modified_gmt":"2026-01-19T21:22:40","slug":"philosophie","status":"publish","type":"page","link":"https:\/\/www.towotech.at\/?page_id=63","title":{"rendered":"Philosophie"},"content":{"rendered":"\n<p><strong>Pers\u00f6nlich. Klar. Verl\u00e4sslich.<\/strong> <strong>Seit \u00fcber 25 Jahren.<\/strong><\/p>\n\n\n\n<p>Egal ob Empfehlung oder Recherche \u2013 bei uns beginnt alles mit einem&nbsp;<strong>unverbindlichen Gespr\u00e4ch<\/strong>.<\/p>\n\n\n\n<p>Wir h\u00f6ren zu, denken mit und beraten ehrlich.<\/p>\n\n\n\n<p>Als&nbsp;<strong>Kleinunternehmer mit schlanker Struktur<\/strong>&nbsp;bieten wir:<\/p>\n\n\n\n<ul class=\"wp-block-list\">\n<li>eine feste Ansprechperson<\/li>\n\n\n\n<li>kurze Wege &amp; schnelle Entscheidungen<\/li>\n\n\n\n<li>transparente, faire Preise<\/li>\n\n\n\n<li>hohe Flexibilit\u00e4t<\/li>\n<\/ul>\n\n\n\n<p>Keine anonyme Abwicklung, kein Weiterreichen \u2013&nbsp;<strong>ein Ansprechpartner von Anfang bis Ende<\/strong>.<\/p>\n\n\n\n<p>Wenn es das Projekt erfordert, arbeiten wir mit&nbsp;<strong>bew\u00e4hrten Partnern<\/strong>&nbsp;zusammen.<\/p>\n\n\n\n<p>So bleibt alles \u00fcbersichtlich, kalkulierbar und auf Qualit\u00e4t ausgerichtet.<\/p>\n\n\n\n<p><strong>Gute Technik entsteht aus Verantwortung und Erfahrung. Nicht aus Zufall.<\/strong><\/p>\n\n\n\n<p><\/p>\n","protected":false},"excerpt":{"rendered":"<p>Pers\u00f6nlich. Klar. Verl\u00e4sslich. Seit \u00fcber 25 Jahren. Egal ob Empfehlung oder Recherche \u2013 bei uns beginnt alles mit einem&nbsp;unverbindlichen Gespr\u00e4ch. Wir h\u00f6ren zu, denken mit und beraten ehrlich. Als&nbsp;Kleinunternehmer mit schlanker Struktur&nbsp;bieten wir: Keine anonyme&hellip; <\/p>\n<p><a class=\"more-link\" href=\"https:\/\/www.towotech.at\/?page_id=63\">Philosophie weiterlesen<\/a><\/p>\n","protected":false},"author":1,"featured_media":0,"parent":0,"menu_order":0,"comment_status":"closed","ping_status":"closed","template":"","meta":{"footnotes":""},"class_list":["post-63","page","type-page","status-publish","hentry"],"_links":{"self":[{"href":"https:\/\/www.towotech.at\/index.php?rest_route=\/wp\/v2\/pages\/63","targetHints":{"allow":["GET"]}}],"collection":[{"href":"https:\/\/www.towotech.at\/index.php?rest_route=\/wp\/v2\/pages"}],"about":[{"href":"https:\/\/www.towotech.at\/index.php?rest_route=\/wp\/v2\/types\/page"}],"author":[{"embeddable":true,"href":"https:\/\/www.towotech.at\/index.php?rest_route=\/wp\/v2\/users\/1"}],"replies":[{"embeddable":true,"href":"https:\/\/www.towotech.at\/index.php?rest_route=%2Fwp%2Fv2%2Fcomments&post=63"}],"version-history":[{"count":6,"href":"https:\/\/www.towotech.at\/index.php?rest_route=\/wp\/v2\/pages\/63\/revisions"}],"predecessor-version":[{"id":136,"href":"https:\/\/www.towotech.at\/index.php?rest_route=\/wp\/v2\/pages\/63\/revisions\/136"}],"wp:attachment":[{"href":"https:\/\/www.towotech.at\/index.php?rest_route=%2Fwp%2Fv2%2Fmedia&parent=63"}],"curies":[{"name":"wp","href":"https:\/\/api.w.org\/{rel}","templated":true}]}}