{"id":6,"date":"2019-10-19T19:15:01","date_gmt":"2019-10-19T17:15:01","guid":{"rendered":"http:\/\/www.towotech.at\/?page_id=6"},"modified":"2026-01-19T22:33:06","modified_gmt":"2026-01-19T21:33:06","slug":"willkommen","status":"publish","type":"page","link":"https:\/\/www.towotech.at\/","title":{"rendered":"Unser Angebot &amp; Spezialisierung:"},"content":{"rendered":"\n<ul class=\"wp-block-list\">\n<li><strong>AV over IP \u2013 von der Idee bis zur Umsetzung<\/strong><br>Netzwerkdesign, Konfiguration, Probleml\u00f6sungen<br>(z.B., Dante, NDI, Art-Net, IP-Steuerung)<\/li>\n\n\n\n<li><strong>Veranstaltungen von 3\u2013300 Personen<\/strong><br>Pr\u00e4senz, Hybrid &amp; Remote \u2013 zuverl\u00e4ssig geplant, elegant umgesetzt<\/li>\n\n\n\n<li><strong>Kreative AV-L\u00f6sungen &#8211; nicht nur Standardtechnik<\/strong><br>Flexible Systeme, modulare Setups, individuelle Konzepte<\/li>\n\n\n\n<li><strong>Ton, Licht,<\/strong> <strong>Video,  &amp; Medien \u2013 Vermietung &amp; Eventl\u00f6sungen<\/strong><br>inkl. Planung &amp; Dokumentation<\/li>\n\n\n\n<li><strong>Klang mit Anspruch<\/strong><br>Live-Sound, Karaoke, Funktechnik, Recording<\/li>\n\n\n\n<li><strong>K\u00fcnstler- &amp; Bandbetreuung<\/strong><br>Menschliches Feingef\u00fchl f\u00fcr reibungslose Auftritte<\/li>\n\n\n\n<li><strong>Kooperation<\/strong> mit verl\u00e4sslichen Partnern f\u00fcr Komplettabwicklung<\/li>\n<\/ul>\n\n\n\n<p><strong>T<\/strong>&nbsp; &nbsp;ransparente, kalkulierbare Tarife dank Vorteil der pers\u00f6nlichen Leistungserstellung<br><strong>O<\/strong>&nbsp; NR 151060 als&nbsp;Qualit\u00e4tsmerkmal &#8211; und der Sicherheit Ihrer G\u00e4ste zuliebe<br><strong>W &nbsp;<\/strong>unschkonzert? Kreative und individuelle L\u00f6sungen f\u00fcr Sie<br><strong>O &nbsp;<\/strong>hne b\u00f6se \u00dcberraschungen dank professioneller Vor- und Nachbereitung sowie<br><strong>TECH<\/strong>&nbsp;nik, die sich sehen und h\u00f6ren lassen kann!&nbsp;<\/p>\n","protected":false},"excerpt":{"rendered":"<p>T&nbsp; &nbsp;ransparente, kalkulierbare Tarife dank Vorteil der pers\u00f6nlichen LeistungserstellungO&nbsp; NR 151060 als&nbsp;Qualit\u00e4tsmerkmal &#8211; und der Sicherheit Ihrer G\u00e4ste zuliebeW &nbsp;unschkonzert? Kreative und individuelle L\u00f6sungen f\u00fcr SieO &nbsp;hne b\u00f6se \u00dcberraschungen dank professioneller Vor- und Nachbereitung sowieTECH&nbsp;nik,&hellip; <\/p>\n<p><a class=\"more-link\" href=\"https:\/\/www.towotech.at\/\">Unser Angebot &amp; Spezialisierung: weiterlesen<\/a><\/p>\n","protected":false},"author":1,"featured_media":0,"parent":0,"menu_order":0,"comment_status":"closed","ping_status":"closed","template":"","meta":{"footnotes":""},"class_list":["post-6","page","type-page","status-publish","hentry"],"_links":{"self":[{"href":"https:\/\/www.towotech.at\/index.php?rest_route=\/wp\/v2\/pages\/6","targetHints":{"allow":["GET"]}}],"collection":[{"href":"https:\/\/www.towotech.at\/index.php?rest_route=\/wp\/v2\/pages"}],"about":[{"href":"https:\/\/www.towotech.at\/index.php?rest_route=\/wp\/v2\/types\/page"}],"author":[{"embeddable":true,"href":"https:\/\/www.towotech.at\/index.php?rest_route=\/wp\/v2\/users\/1"}],"replies":[{"embeddable":true,"href":"https:\/\/www.towotech.at\/index.php?rest_route=%2Fwp%2Fv2%2Fcomments&post=6"}],"version-history":[{"count":15,"href":"https:\/\/www.towotech.at\/index.php?rest_route=\/wp\/v2\/pages\/6\/revisions"}],"predecessor-version":[{"id":150,"href":"https:\/\/www.towotech.at\/index.php?rest_route=\/wp\/v2\/pages\/6\/revisions\/150"}],"wp:attachment":[{"href":"https:\/\/www.towotech.at\/index.php?rest_route=%2Fwp%2Fv2%2Fmedia&parent=6"}],"curies":[{"name":"wp","href":"https:\/\/api.w.org\/{rel}","templated":true}]}}