{"id":13,"date":"2019-10-19T19:38:36","date_gmt":"2019-10-19T17:38:36","guid":{"rendered":"http:\/\/www.towotech.at\/?page_id=13"},"modified":"2026-01-19T22:05:24","modified_gmt":"2026-01-19T21:05:24","slug":"impressum","status":"publish","type":"page","link":"https:\/\/www.towotech.at\/?page_id=13","title":{"rendered":"Impressum"},"content":{"rendered":"\n<p><strong>Thomas Eisendle, BSc MA<\/strong><\/p>\n\n\n\n<p>m: thomas(at)towotech.at<br>t:  <a href=\"tel:+436601258814\">+43 (0)660 1258814<\/a><br>w:<a href=\"https:\/\/firmen.wko.at\/Web\/DetailsKontakt.aspx?FirmaID=e0d0c89a-7d25-4d77-9eda-91f60df35d40&amp;Name=Thomas%20Eisendle&amp;Standort=Wien%20(Bundesland)\"> WKO Link<\/a><\/p>\n\n\n\n<hr class=\"wp-block-separator has-css-opacity\"\/>\n\n\n\n<hr class=\"wp-block-separator has-css-opacity\"\/>\n\n\n\n<p>Abholung gerne nach Vereinbarung m\u00f6glich.<\/p>\n\n\n\n<p>Lager Wien Zentrum (2. Bezirk N\u00e4he Vorgartenstra\u00dfe) sowie im Bezirk G\u00e4nserndorf<\/p>\n\n\n\n<p>Berufsgruppe der Beleuchtungs- und Beschallungstechniker \/ Landesinnung Wien<\/p>\n\n\n\n<p><\/p>\n","protected":false},"excerpt":{"rendered":"<p>Thomas Eisendle, BSc MA m: thomas(at)towotech.att: +43 (0)660 1258814w: WKO Link Abholung gerne nach Vereinbarung m\u00f6glich. Lager Wien Zentrum (2. Bezirk N\u00e4he Vorgartenstra\u00dfe) sowie im Bezirk G\u00e4nserndorf Berufsgruppe der Beleuchtungs- und Beschallungstechniker \/ Landesinnung Wien<\/p>\n","protected":false},"author":1,"featured_media":0,"parent":0,"menu_order":0,"comment_status":"closed","ping_status":"closed","template":"","meta":{"footnotes":""},"class_list":["post-13","page","type-page","status-publish","hentry"],"_links":{"self":[{"href":"https:\/\/www.towotech.at\/index.php?rest_route=\/wp\/v2\/pages\/13","targetHints":{"allow":["GET"]}}],"collection":[{"href":"https:\/\/www.towotech.at\/index.php?rest_route=\/wp\/v2\/pages"}],"about":[{"href":"https:\/\/www.towotech.at\/index.php?rest_route=\/wp\/v2\/types\/page"}],"author":[{"embeddable":true,"href":"https:\/\/www.towotech.at\/index.php?rest_route=\/wp\/v2\/users\/1"}],"replies":[{"embeddable":true,"href":"https:\/\/www.towotech.at\/index.php?rest_route=%2Fwp%2Fv2%2Fcomments&post=13"}],"version-history":[{"count":5,"href":"https:\/\/www.towotech.at\/index.php?rest_route=\/wp\/v2\/pages\/13\/revisions"}],"predecessor-version":[{"id":130,"href":"https:\/\/www.towotech.at\/index.php?rest_route=\/wp\/v2\/pages\/13\/revisions\/130"}],"wp:attachment":[{"href":"https:\/\/www.towotech.at\/index.php?rest_route=%2Fwp%2Fv2%2Fmedia&parent=13"}],"curies":[{"name":"wp","href":"https:\/\/api.w.org\/{rel}","templated":true}]}}